{"id":4253,"date":"2025-06-27T06:46:22","date_gmt":"2025-06-27T06:46:22","guid":{"rendered":"https:\/\/throughoureyes.net\/?page_id=4253"},"modified":"2025-08-21T22:39:56","modified_gmt":"2025-08-21T22:39:56","slug":"apply-for-financial-help","status":"publish","type":"page","link":"https:\/\/throughoureyes.net\/es\/apply-for-financial-help\/","title":{"rendered":"Solicitar ayuda financiera"},"content":{"rendered":"<div data-elementor-type=\"wp-post\" data-elementor-id=\"4253\" class=\"elementor elementor-4253\">\n\t\t\t\t<div class=\"elementor-element elementor-element-6b8f682 e-flex e-con-boxed e-con e-parent\" data-id=\"6b8f682\" data-element_type=\"container\" data-e-type=\"container\" data-settings=\"{&quot;background_background&quot;:&quot;classic&quot;}\">\n\t\t\t\t\t<div class=\"e-con-inner\">\n\t\t<div class=\"elementor-element elementor-element-3d4e002 e-con-full e-flex e-con e-child\" data-id=\"3d4e002\" data-element_type=\"container\" data-e-type=\"container\">\n\t\t<div class=\"elementor-element elementor-element-f953330 e-con-full e-flex e-con e-child\" data-id=\"f953330\" data-element_type=\"container\" data-e-type=\"container\">\n\t\t\t\t<div class=\"elementor-element elementor-element-707ab2e elementor-widget-divider--view-line elementor-widget elementor-widget-divider\" data-id=\"707ab2e\" data-element_type=\"widget\" data-e-type=\"widget\" data-widget_type=\"divider.default\">\n\t\t\t\t<div class=\"elementor-widget-container\">\n\t\t\t\t\t\t\t<div class=\"elementor-divider\">\n\t\t\t<span class=\"elementor-divider-separator\">\n\t\t\t\t\t\t<\/span>\n\t\t<\/div>\n\t\t\t\t\t\t<\/div>\n\t\t\t\t<\/div>\n\t\t\t\t<div class=\"elementor-element elementor-element-22b33b5 elementor-widget elementor-widget-heading\" data-id=\"22b33b5\" data-element_type=\"widget\" data-e-type=\"widget\" data-widget_type=\"heading.default\">\n\t\t\t\t<div class=\"elementor-widget-container\">\n\t\t\t\t\t<h1 class=\"elementor-heading-title elementor-size-default\">Solicitar ayuda financiera<\/h1>\t\t\t\t<\/div>\n\t\t\t\t<\/div>\n\t\t\t\t<\/div>\n\t\t\t\t<\/div>\n\t\t\t\t\t<\/div>\n\t\t\t\t<\/div>\n\t\t<div class=\"elementor-element elementor-element-7363d0e e-flex e-con-boxed e-con e-parent\" data-id=\"7363d0e\" data-element_type=\"container\" data-e-type=\"container\">\n\t\t\t\t\t<div class=\"e-con-inner\">\n\t\t<div class=\"elementor-element elementor-element-cae626b e-con-full e-flex e-con e-child\" data-id=\"cae626b\" data-element_type=\"container\" data-e-type=\"container\">\n\t\t\t\t<div class=\"elementor-element elementor-element-1a620dc elementor-widget elementor-widget-image\" data-id=\"1a620dc\" data-element_type=\"widget\" data-e-type=\"widget\" data-widget_type=\"image.default\">\n\t\t\t\t<div class=\"elementor-widget-container\">\n\t\t\t\t\t\t\t\t\t\t\t\t\t\t\t<img fetchpriority=\"high\" decoding=\"async\" width=\"216\" height=\"300\" src=\"https:\/\/i0.wp.com\/throughoureyes.net\/wp-content\/uploads\/2025\/03\/Sin-titulo-2-1.png?fit=216%2C300&amp;ssl=1\" class=\"attachment-medium size-medium wp-image-4130\" alt=\"\" srcset=\"https:\/\/i0.wp.com\/throughoureyes.net\/wp-content\/uploads\/2025\/03\/Sin-titulo-2-1.png?w=920&amp;ssl=1 920w, https:\/\/i0.wp.com\/throughoureyes.net\/wp-content\/uploads\/2025\/03\/Sin-titulo-2-1.png?resize=216%2C300&amp;ssl=1 216w, https:\/\/i0.wp.com\/throughoureyes.net\/wp-content\/uploads\/2025\/03\/Sin-titulo-2-1.png?resize=736%2C1024&amp;ssl=1 736w, https:\/\/i0.wp.com\/throughoureyes.net\/wp-content\/uploads\/2025\/03\/Sin-titulo-2-1.png?resize=768%2C1069&amp;ssl=1 768w\" sizes=\"(max-width: 216px) 100vw, 216px\" \/>\t\t\t\t\t\t\t\t\t\t\t\t\t\t\t<\/div>\n\t\t\t\t<\/div>\n\t\t\t\t<\/div>\n\t\t<div class=\"elementor-element elementor-element-b648dbf e-con-full e-flex e-con e-child\" data-id=\"b648dbf\" data-element_type=\"container\" data-e-type=\"container\">\n\t\t\t\t<div class=\"elementor-element elementor-element-e23e96b elementor-widget elementor-widget-text-editor\" data-id=\"e23e96b\" data-element_type=\"widget\" data-e-type=\"widget\" data-widget_type=\"text-editor.default\">\n\t\t\t\t<div class=\"elementor-widget-container\">\n\t\t\t\t\t\t\t\t\t<div><p>Si usted o su hijo padecen de blefarofimosis, ptosis o s\u00edndrome de gui\u00f1o mandibular de Marcus Gunn, comprendemos los desaf\u00edos emocionales y financieros que pueden conllevar estas raras afecciones.<\/p><p>A TRAV\u00c9S DE NUESTROS OJOS est\u00e1 aqu\u00ed para ayudarte. Ofrecemos asistencia financiera para facilitar el acceso a atenci\u00f3n m\u00e9dica vital, incluyendo consultas con especialistas, cirug\u00edas y gastos de viaje.<\/p><p>Nuestra misi\u00f3n es garantizar que nadie enfrente este viaje solo o sin los recursos que necesita.<\/p><p>Si necesita apoyo, puede solicitar ayuda financiera a trav\u00e9s de nuestro sencillo proceso de solicitud. Juntos, podemos marcar una diferencia significativa en la vida de las personas afectadas.<\/p><\/div><div>\u00a0<\/div>\t\t\t\t\t\t\t\t<\/div>\n\t\t\t\t<\/div>\n\t\t\t\t<\/div>\n\t\t\t\t\t<\/div>\n\t\t\t\t<\/div>\n\t\t<div class=\"elementor-element elementor-element-8a0533f e-flex e-con-boxed e-con e-parent\" data-id=\"8a0533f\" data-element_type=\"container\" data-e-type=\"container\" data-settings=\"{&quot;background_background&quot;:&quot;classic&quot;}\">\n\t\t\t\t\t<div class=\"e-con-inner\">\n\t\t<div class=\"elementor-element elementor-element-c5fc268 e-con-full e-flex e-con e-child\" data-id=\"c5fc268\" data-element_type=\"container\" data-e-type=\"container\">\n\t\t\t\t<div class=\"elementor-element elementor-element-a49b8dd elementor-widget elementor-widget-heading\" data-id=\"a49b8dd\" data-element_type=\"widget\" data-e-type=\"widget\" data-widget_type=\"heading.default\">\n\t\t\t\t<div class=\"elementor-widget-container\">\n\t\t\t\t\t<h2 class=\"elementor-heading-title elementor-size-default\">Aplicar ahora<\/h2>\t\t\t\t<\/div>\n\t\t\t\t<\/div>\n\t\t\t\t<div class=\"elementor-element elementor-element-0f35ded elementor-widget-divider--view-line elementor-widget elementor-widget-divider\" data-id=\"0f35ded\" data-element_type=\"widget\" data-e-type=\"widget\" data-widget_type=\"divider.default\">\n\t\t\t\t<div class=\"elementor-widget-container\">\n\t\t\t\t\t\t\t<div class=\"elementor-divider\">\n\t\t\t<span class=\"elementor-divider-separator\">\n\t\t\t\t\t\t<\/span>\n\t\t<\/div>\n\t\t\t\t\t\t<\/div>\n\t\t\t\t<\/div>\n\t\t\t\t<div class=\"elementor-element elementor-element-c12fb0d elementor-widget elementor-widget-heading\" data-id=\"c12fb0d\" data-element_type=\"widget\" data-e-type=\"widget\" data-widget_type=\"heading.default\">\n\t\t\t\t<div class=\"elementor-widget-container\">\n\t\t\t\t\t<h3 class=\"elementor-heading-title elementor-size-default\">Obtenga ayuda ahora<\/h3>\t\t\t\t<\/div>\n\t\t\t\t<\/div>\n\t\t\t\t<div class=\"elementor-element elementor-element-48b8c10 elementor-widget elementor-widget-text-editor\" data-id=\"48b8c10\" data-element_type=\"widget\" data-e-type=\"widget\" data-widget_type=\"text-editor.default\">\n\t\t\t\t<div class=\"elementor-widget-container\">\n\t\t\t\t\t\t\t\t\t<p>Con el apoyo de otros, nuestro objetivo es ayudar a que su beb\u00e9, ni\u00f1o o adulto con BPES, ptosis y s\u00edndrome de gui\u00f1o mandibular de Marcus Gunn viva una vida mejor.<\/p>\t\t\t\t\t\t\t\t<\/div>\n\t\t\t\t<\/div>\n\t\t\t\t<div class=\"elementor-element elementor-element-3ef3136 elementor-align-center elementor-mobile-align-center elementor-widget elementor-widget-button\" data-id=\"3ef3136\" data-element_type=\"widget\" data-e-type=\"widget\" data-widget_type=\"button.default\">\n\t\t\t\t<div class=\"elementor-widget-container\">\n\t\t\t\t\t\t\t\t\t<div class=\"elementor-button-wrapper\">\n\t\t\t\t\t<a class=\"elementor-button elementor-button-link elementor-size-sm\" href=\"https:\/\/throughoureyes.net\/wp-content\/uploads\/2025\/08\/Through-Our-Eyes-Application-for-financial-assistance-1.docx\">\n\t\t\t\t\t\t<span class=\"elementor-button-content-wrapper\">\n\t\t\t\t\t\t<span class=\"elementor-button-icon\">\n\t\t\t\t<svg aria-hidden=\"true\" class=\"e-font-icon-svg e-fab-wpforms\" viewbox=\"0 0 448 512\" xmlns=\"http:\/\/www.w3.org\/2000\/svg\"><path d=\"M448 75.2v361.7c0 24.3-19 43.2-43.2 43.2H43.2C19.3 480 0 461.4 0 436.8V75.2C0 51.1 18.8 32 43.2 32h361.7c24 0 43.1 18.8 43.1 43.2zm-37.3 361.6V75.2c0-3-2.6-5.8-5.8-5.8h-9.3L285.3 144 224 94.1 162.8 144 52.5 69.3h-9.3c-3.2 0-5.8 2.8-5.8 5.8v361.7c0 3 2.6 5.8 5.8 5.8h361.7c3.2.1 5.8-2.7 5.8-5.8zM150.2 186v37H76.7v-37h73.5zm0 74.4v37.3H76.7v-37.3h73.5zm11.1-147.3l54-43.7H96.8l64.5 43.7zm210 72.9v37h-196v-37h196zm0 74.4v37.3h-196v-37.3h196zm-84.6-147.3l64.5-43.7H232.8l53.9 43.7zM371.3 335v37.3h-99.4V335h99.4z\"><\/path><\/svg>\t\t\t<\/span>\n\t\t\t\t\t\t\t\t\t<span class=\"elementor-button-text\">Download Form (Word doc)<\/span>\n\t\t\t\t\t<\/span>\n\t\t\t\t\t<\/a>\n\t\t\t\t<\/div>\n\t\t\t\t\t\t\t\t<\/div>\n\t\t\t\t<\/div>\n\t\t\t\t<div class=\"elementor-element elementor-element-146c0b7 elementor-align-center elementor-mobile-align-center elementor-widget elementor-widget-button\" data-id=\"146c0b7\" data-element_type=\"widget\" data-e-type=\"widget\" data-widget_type=\"button.default\">\n\t\t\t\t<div class=\"elementor-widget-container\">\n\t\t\t\t\t\t\t\t\t<div class=\"elementor-button-wrapper\">\n\t\t\t\t\t<a class=\"elementor-button elementor-button-link elementor-size-sm\" href=\"https:\/\/throughoureyes.net\/wp-content\/uploads\/2025\/08\/Through-Our-Eyes-Application-for-financial-assistance-1.docx\">\n\t\t\t\t\t\t<span class=\"elementor-button-content-wrapper\">\n\t\t\t\t\t\t<span class=\"elementor-button-icon\">\n\t\t\t\t<svg aria-hidden=\"true\" class=\"e-font-icon-svg e-fab-wpforms\" viewbox=\"0 0 448 512\" xmlns=\"http:\/\/www.w3.org\/2000\/svg\"><path d=\"M448 75.2v361.7c0 24.3-19 43.2-43.2 43.2H43.2C19.3 480 0 461.4 0 436.8V75.2C0 51.1 18.8 32 43.2 32h361.7c24 0 43.1 18.8 43.1 43.2zm-37.3 361.6V75.2c0-3-2.6-5.8-5.8-5.8h-9.3L285.3 144 224 94.1 162.8 144 52.5 69.3h-9.3c-3.2 0-5.8 2.8-5.8 5.8v361.7c0 3 2.6 5.8 5.8 5.8h361.7c3.2.1 5.8-2.7 5.8-5.8zM150.2 186v37H76.7v-37h73.5zm0 74.4v37.3H76.7v-37.3h73.5zm11.1-147.3l54-43.7H96.8l64.5 43.7zm210 72.9v37h-196v-37h196zm0 74.4v37.3h-196v-37.3h196zm-84.6-147.3l64.5-43.7H232.8l53.9 43.7zM371.3 335v37.3h-99.4V335h99.4z\"><\/path><\/svg>\t\t\t<\/span>\n\t\t\t\t\t\t\t\t\t<span class=\"elementor-button-text\">Download Form (PDF doc)<\/span>\n\t\t\t\t\t<\/span>\n\t\t\t\t\t<\/a>\n\t\t\t\t<\/div>\n\t\t\t\t\t\t\t\t<\/div>\n\t\t\t\t<\/div>\n\t\t\t\t<\/div>\n\t\t\t\t\t<\/div>\n\t\t\t\t<\/div>\n\t\t\t\t<\/div>","protected":false},"excerpt":{"rendered":"<p>Apply for Financial Help If you or your child is affected by Blepharofimosis, Ptosis, or Marcus Gunn Jaw Winking Syndrome, we understand the emotional and financial challenges that can come with these rare conditions. THROUGH OUR EYES is here to help. We offer financial assistance to support access to vital medical care, including specialist consultations, [&hellip;]<\/p>\n","protected":false},"author":1,"featured_media":0,"parent":0,"menu_order":0,"comment_status":"closed","ping_status":"closed","template":"","meta":{"give_campaign_id":0,"nf_dc_page":"","site-sidebar-layout":"no-sidebar","site-content-layout":"page-builder","ast-site-content-layout":"default","site-content-style":"default","site-sidebar-style":"default","ast-global-header-display":"","ast-banner-title-visibility":"","ast-main-header-display":"","ast-hfb-above-header-display":"","ast-hfb-below-header-display":"","ast-hfb-mobile-header-display":"","site-post-title":"disabled","ast-breadcrumbs-content":"","ast-featured-img":"disabled","footer-sml-layout":"","ast-disable-related-posts":"","theme-transparent-header-meta":"","adv-header-id-meta":"","stick-header-meta":"","header-above-stick-meta":"","header-main-stick-meta":"","header-below-stick-meta":"","astra-migrate-meta-layouts":"default","ast-page-background-enabled":"default","ast-page-background-meta":{"desktop":{"background-color":"","background-image":"","background-repeat":"repeat","background-position":"center center","background-size":"auto","background-attachment":"scroll","background-type":"","background-media":"","overlay-type":"","overlay-color":"","overlay-opacity":"","overlay-gradient":""},"tablet":{"background-color":"","background-image":"","background-repeat":"repeat","background-position":"center center","background-size":"auto","background-attachment":"scroll","background-type":"","background-media":"","overlay-type":"","overlay-color":"","overlay-opacity":"","overlay-gradient":""},"mobile":{"background-color":"","background-image":"","background-repeat":"repeat","background-position":"center center","background-size":"auto","background-attachment":"scroll","background-type":"","background-media":"","overlay-type":"","overlay-color":"","overlay-opacity":"","overlay-gradient":""}},"ast-content-background-meta":{"desktop":{"background-color":"var(--ast-global-color-5)","background-image":"","background-repeat":"repeat","background-position":"center center","background-size":"auto","background-attachment":"scroll","background-type":"","background-media":"","overlay-type":"","overlay-color":"","overlay-opacity":"","overlay-gradient":""},"tablet":{"background-color":"var(--ast-global-color-5)","background-image":"","background-repeat":"repeat","background-position":"center center","background-size":"auto","background-attachment":"scroll","background-type":"","background-media":"","overlay-type":"","overlay-color":"","overlay-opacity":"","overlay-gradient":""},"mobile":{"background-color":"var(--ast-global-color-5)","background-image":"","background-repeat":"repeat","background-position":"center center","background-size":"auto","background-attachment":"scroll","background-type":"","background-media":"","overlay-type":"","overlay-color":"","overlay-opacity":"","overlay-gradient":""}},"footnotes":""},"class_list":["post-4253","page","type-page","status-publish","hentry"],"yoast_head":"<!-- This site is optimized with the Yoast SEO plugin v27.4 - https:\/\/yoast.com\/product\/yoast-seo-wordpress\/ -->\n<title>Apply for Financial Help - Through Our Eyes<\/title>\n<meta name=\"robots\" content=\"index, follow, max-snippet:-1, max-image-preview:large, max-video-preview:-1\" \/>\n<link rel=\"canonical\" href=\"https:\/\/throughoureyes.net\/es\/apply-for-financial-help\/\" \/>\n<meta property=\"og:locale\" content=\"es_ES\" \/>\n<meta property=\"og:type\" content=\"article\" \/>\n<meta property=\"og:title\" content=\"Apply for Financial Help - Through Our Eyes\" \/>\n<meta property=\"og:description\" content=\"Apply for Financial Help If you or your child is affected by Blepharofimosis, Ptosis, or Marcus Gunn Jaw Winking Syndrome, we understand the emotional and financial challenges that can come with these rare conditions. THROUGH OUR EYES is here to help. We offer financial assistance to support access to vital medical care, including specialist consultations, [&hellip;]\" \/>\n<meta property=\"og:url\" content=\"https:\/\/throughoureyes.net\/es\/apply-for-financial-help\/\" \/>\n<meta property=\"og:site_name\" content=\"Through Our Eyes\" \/>\n<meta property=\"article:modified_time\" content=\"2025-08-21T22:39:56+00:00\" \/>\n<meta property=\"og:image\" content=\"https:\/\/throughoureyes.net\/wp-content\/uploads\/2025\/03\/Sin-titulo-2-1-216x300.png\" \/>\n<meta name=\"twitter:card\" content=\"summary_large_image\" \/>\n<meta name=\"twitter:label1\" content=\"Tiempo de lectura\" \/>\n\t<meta name=\"twitter:data1\" content=\"1 minuto\" \/>\n<script type=\"application\/ld+json\" class=\"yoast-schema-graph\">{\"@context\":\"https:\\\/\\\/schema.org\",\"@graph\":[{\"@type\":\"WebPage\",\"@id\":\"https:\\\/\\\/throughoureyes.net\\\/apply-for-financial-help\\\/\",\"url\":\"https:\\\/\\\/throughoureyes.net\\\/apply-for-financial-help\\\/\",\"name\":\"Apply for Financial Help - Through Our Eyes\",\"isPartOf\":{\"@id\":\"https:\\\/\\\/throughoureyes.net\\\/#website\"},\"primaryImageOfPage\":{\"@id\":\"https:\\\/\\\/throughoureyes.net\\\/apply-for-financial-help\\\/#primaryimage\"},\"image\":{\"@id\":\"https:\\\/\\\/throughoureyes.net\\\/apply-for-financial-help\\\/#primaryimage\"},\"thumbnailUrl\":\"https:\\\/\\\/throughoureyes.net\\\/wp-content\\\/uploads\\\/2025\\\/03\\\/Sin-titulo-2-1-216x300.png\",\"datePublished\":\"2025-06-27T06:46:22+00:00\",\"dateModified\":\"2025-08-21T22:39:56+00:00\",\"breadcrumb\":{\"@id\":\"https:\\\/\\\/throughoureyes.net\\\/apply-for-financial-help\\\/#breadcrumb\"},\"inLanguage\":\"es\",\"potentialAction\":[{\"@type\":\"ReadAction\",\"target\":[\"https:\\\/\\\/throughoureyes.net\\\/apply-for-financial-help\\\/\"]}]},{\"@type\":\"ImageObject\",\"inLanguage\":\"es\",\"@id\":\"https:\\\/\\\/throughoureyes.net\\\/apply-for-financial-help\\\/#primaryimage\",\"url\":\"https:\\\/\\\/throughoureyes.net\\\/wp-content\\\/uploads\\\/2025\\\/03\\\/Sin-titulo-2-1-216x300.png\",\"contentUrl\":\"https:\\\/\\\/throughoureyes.net\\\/wp-content\\\/uploads\\\/2025\\\/03\\\/Sin-titulo-2-1-216x300.png\"},{\"@type\":\"BreadcrumbList\",\"@id\":\"https:\\\/\\\/throughoureyes.net\\\/apply-for-financial-help\\\/#breadcrumb\",\"itemListElement\":[{\"@type\":\"ListItem\",\"position\":1,\"name\":\"Home\",\"item\":\"https:\\\/\\\/throughoureyes.net\\\/\"},{\"@type\":\"ListItem\",\"position\":2,\"name\":\"Apply for Financial Help\"}]},{\"@type\":\"WebSite\",\"@id\":\"https:\\\/\\\/throughoureyes.net\\\/#website\",\"url\":\"https:\\\/\\\/throughoureyes.net\\\/\",\"name\":\"Through Our Eyes\",\"description\":\"\",\"publisher\":{\"@id\":\"https:\\\/\\\/throughoureyes.net\\\/#organization\"},\"potentialAction\":[{\"@type\":\"SearchAction\",\"target\":{\"@type\":\"EntryPoint\",\"urlTemplate\":\"https:\\\/\\\/throughoureyes.net\\\/?s={search_term_string}\"},\"query-input\":{\"@type\":\"PropertyValueSpecification\",\"valueRequired\":true,\"valueName\":\"search_term_string\"}}],\"inLanguage\":\"es\"},{\"@type\":\"Organization\",\"@id\":\"https:\\\/\\\/throughoureyes.net\\\/#organization\",\"name\":\"Through Our Eyes\",\"url\":\"https:\\\/\\\/throughoureyes.net\\\/\",\"logo\":{\"@type\":\"ImageObject\",\"inLanguage\":\"es\",\"@id\":\"https:\\\/\\\/throughoureyes.net\\\/#\\\/schema\\\/logo\\\/image\\\/\",\"url\":\"https:\\\/\\\/i0.wp.com\\\/throughoureyes.net\\\/wp-content\\\/uploads\\\/2024\\\/07\\\/throughoureyes-2-Vanessa-Rodrigo-Jakubowski.png?fit=409%2C214&ssl=1\",\"contentUrl\":\"https:\\\/\\\/i0.wp.com\\\/throughoureyes.net\\\/wp-content\\\/uploads\\\/2024\\\/07\\\/throughoureyes-2-Vanessa-Rodrigo-Jakubowski.png?fit=409%2C214&ssl=1\",\"width\":409,\"height\":214,\"caption\":\"Through Our Eyes\"},\"image\":{\"@id\":\"https:\\\/\\\/throughoureyes.net\\\/#\\\/schema\\\/logo\\\/image\\\/\"}}]}<\/script>\n<!-- \/ Yoast SEO plugin. -->","yoast_head_json":{"title":"Apply for Financial Help - Through Our Eyes","robots":{"index":"index","follow":"follow","max-snippet":"max-snippet:-1","max-image-preview":"max-image-preview:large","max-video-preview":"max-video-preview:-1"},"canonical":"https:\/\/throughoureyes.net\/es\/apply-for-financial-help\/","og_locale":"es_ES","og_type":"article","og_title":"Apply for Financial Help - Through Our Eyes","og_description":"Apply for Financial Help If you or your child is affected by Blepharofimosis, Ptosis, or Marcus Gunn Jaw Winking Syndrome, we understand the emotional and financial challenges that can come with these rare conditions. THROUGH OUR EYES is here to help. We offer financial assistance to support access to vital medical care, including specialist consultations, [&hellip;]","og_url":"https:\/\/throughoureyes.net\/es\/apply-for-financial-help\/","og_site_name":"Through Our Eyes","article_modified_time":"2025-08-21T22:39:56+00:00","og_image":[{"url":"https:\/\/throughoureyes.net\/wp-content\/uploads\/2025\/03\/Sin-titulo-2-1-216x300.png","type":"","width":"","height":""}],"twitter_card":"summary_large_image","twitter_misc":{"Tiempo de lectura":"1 minuto"},"schema":{"@context":"https:\/\/schema.org","@graph":[{"@type":"WebPage","@id":"https:\/\/throughoureyes.net\/apply-for-financial-help\/","url":"https:\/\/throughoureyes.net\/apply-for-financial-help\/","name":"Apply for Financial Help - Through Our Eyes","isPartOf":{"@id":"https:\/\/throughoureyes.net\/#website"},"primaryImageOfPage":{"@id":"https:\/\/throughoureyes.net\/apply-for-financial-help\/#primaryimage"},"image":{"@id":"https:\/\/throughoureyes.net\/apply-for-financial-help\/#primaryimage"},"thumbnailUrl":"https:\/\/throughoureyes.net\/wp-content\/uploads\/2025\/03\/Sin-titulo-2-1-216x300.png","datePublished":"2025-06-27T06:46:22+00:00","dateModified":"2025-08-21T22:39:56+00:00","breadcrumb":{"@id":"https:\/\/throughoureyes.net\/apply-for-financial-help\/#breadcrumb"},"inLanguage":"es","potentialAction":[{"@type":"ReadAction","target":["https:\/\/throughoureyes.net\/apply-for-financial-help\/"]}]},{"@type":"ImageObject","inLanguage":"es","@id":"https:\/\/throughoureyes.net\/apply-for-financial-help\/#primaryimage","url":"https:\/\/throughoureyes.net\/wp-content\/uploads\/2025\/03\/Sin-titulo-2-1-216x300.png","contentUrl":"https:\/\/throughoureyes.net\/wp-content\/uploads\/2025\/03\/Sin-titulo-2-1-216x300.png"},{"@type":"BreadcrumbList","@id":"https:\/\/throughoureyes.net\/apply-for-financial-help\/#breadcrumb","itemListElement":[{"@type":"ListItem","position":1,"name":"Home","item":"https:\/\/throughoureyes.net\/"},{"@type":"ListItem","position":2,"name":"Apply for Financial Help"}]},{"@type":"WebSite","@id":"https:\/\/throughoureyes.net\/#website","url":"https:\/\/throughoureyes.net\/","name":"A trav\u00e9s de nuestros ojos","description":"","publisher":{"@id":"https:\/\/throughoureyes.net\/#organization"},"potentialAction":[{"@type":"SearchAction","target":{"@type":"EntryPoint","urlTemplate":"https:\/\/throughoureyes.net\/?s={search_term_string}"},"query-input":{"@type":"PropertyValueSpecification","valueRequired":true,"valueName":"search_term_string"}}],"inLanguage":"es"},{"@type":"Organization","@id":"https:\/\/throughoureyes.net\/#organization","name":"A trav\u00e9s de nuestros ojos","url":"https:\/\/throughoureyes.net\/","logo":{"@type":"ImageObject","inLanguage":"es","@id":"https:\/\/throughoureyes.net\/#\/schema\/logo\/image\/","url":"https:\/\/i0.wp.com\/throughoureyes.net\/wp-content\/uploads\/2024\/07\/throughoureyes-2-Vanessa-Rodrigo-Jakubowski.png?fit=409%2C214&ssl=1","contentUrl":"https:\/\/i0.wp.com\/throughoureyes.net\/wp-content\/uploads\/2024\/07\/throughoureyes-2-Vanessa-Rodrigo-Jakubowski.png?fit=409%2C214&ssl=1","width":409,"height":214,"caption":"Through Our Eyes"},"image":{"@id":"https:\/\/throughoureyes.net\/#\/schema\/logo\/image\/"}}]}},"campaignId":"","jetpack_sharing_enabled":true,"jetpack_likes_enabled":true,"_links":{"self":[{"href":"https:\/\/throughoureyes.net\/es\/wp-json\/wp\/v2\/pages\/4253","targetHints":{"allow":["GET"]}}],"collection":[{"href":"https:\/\/throughoureyes.net\/es\/wp-json\/wp\/v2\/pages"}],"about":[{"href":"https:\/\/throughoureyes.net\/es\/wp-json\/wp\/v2\/types\/page"}],"author":[{"embeddable":true,"href":"https:\/\/throughoureyes.net\/es\/wp-json\/wp\/v2\/users\/1"}],"replies":[{"embeddable":true,"href":"https:\/\/throughoureyes.net\/es\/wp-json\/wp\/v2\/comments?post=4253"}],"version-history":[{"count":20,"href":"https:\/\/throughoureyes.net\/es\/wp-json\/wp\/v2\/pages\/4253\/revisions"}],"predecessor-version":[{"id":4307,"href":"https:\/\/throughoureyes.net\/es\/wp-json\/wp\/v2\/pages\/4253\/revisions\/4307"}],"wp:attachment":[{"href":"https:\/\/throughoureyes.net\/es\/wp-json\/wp\/v2\/media?parent=4253"}],"curies":[{"name":"wp","href":"https:\/\/api.w.org\/{rel}","templated":true}]}}